{"id":1358,"date":"2024-07-31T20:59:18","date_gmt":"2024-07-31T18:59:18","guid":{"rendered":"https:\/\/ingridhauff.de\/?page_id=1358"},"modified":"2024-07-31T20:59:47","modified_gmt":"2024-07-31T18:59:47","slug":"kontakt","status":"publish","type":"page","link":"https:\/\/ingridhauff.de\/en\/kontakt\/","title":{"rendered":"Contact"},"content":{"rendered":"<div data-elementor-type=\"wp-page\" data-elementor-id=\"1358\" class=\"elementor elementor-1358\" data-elementor-post-type=\"page\">\n\t\t\t\t<div data-particle_enable=\"false\" data-particle-mobile-disabled=\"false\" class=\"elementor-element elementor-element-7ea2c671 e-con-full e-flex e-con e-parent\" data-id=\"7ea2c671\" data-element_type=\"container\" id=\"kontakt\" data-settings=\"{&quot;background_background&quot;:&quot;classic&quot;}\">\n\t\t\t\t<div class=\"elementor-element elementor-element-64f7c9c5 elementor-widget elementor-widget-heading\" data-id=\"64f7c9c5\" data-element_type=\"widget\" data-widget_type=\"heading.default\">\n\t\t\t\t<div class=\"elementor-widget-container\">\n\t\t\t<style>\/*! elementor - v3.21.0 - 08-05-2024 *\/\n.elementor-heading-title{padding:0;margin:0;line-height:1}.elementor-widget-heading .elementor-heading-title[class*=elementor-size-]>a{color:inherit;font-size:inherit;line-height:inherit}.elementor-widget-heading .elementor-heading-title.elementor-size-small{font-size:15px}.elementor-widget-heading .elementor-heading-title.elementor-size-medium{font-size:19px}.elementor-widget-heading .elementor-heading-title.elementor-size-large{font-size:29px}.elementor-widget-heading .elementor-heading-title.elementor-size-xl{font-size:39px}.elementor-widget-heading .elementor-heading-title.elementor-size-xxl{font-size:59px}<\/style><h2 class=\"elementor-heading-title elementor-size-default\">Contact\n\n\n<\/h2>\t\t<\/div>\n\t\t\t\t<\/div>\n\t\t\t\t<\/div>\n\t\t<div data-particle_enable=\"false\" data-particle-mobile-disabled=\"false\" class=\"elementor-element elementor-element-40c56257 e-flex e-con-boxed e-con e-parent\" data-id=\"40c56257\" data-element_type=\"container\" data-settings=\"{&quot;background_background&quot;:&quot;classic&quot;}\">\n\t\t\t\t\t<div class=\"e-con-inner\">\n\t\t\t\t<div class=\"elementor-element elementor-element-7b4a48dc elementor-widget__width-initial elementor-widget-mobile__width-initial elementor-widget elementor-widget-text-editor\" data-id=\"7b4a48dc\" data-element_type=\"widget\" data-widget_type=\"text-editor.default\">\n\t\t\t\t<div class=\"elementor-widget-container\">\n\t\t\t<style>\/*! elementor - v3.21.0 - 08-05-2024 *\/\n.elementor-widget-text-editor.elementor-drop-cap-view-stacked .elementor-drop-cap{background-color:#69727d;color:#fff}.elementor-widget-text-editor.elementor-drop-cap-view-framed .elementor-drop-cap{color:#69727d;border:3px solid;background-color:transparent}.elementor-widget-text-editor:not(.elementor-drop-cap-view-default) .elementor-drop-cap{margin-top:8px}.elementor-widget-text-editor:not(.elementor-drop-cap-view-default) .elementor-drop-cap-letter{width:1em;height:1em}.elementor-widget-text-editor .elementor-drop-cap{float:left;text-align:center;line-height:1;font-size:50px}.elementor-widget-text-editor .elementor-drop-cap-letter{display:inline-block}<\/style>\t\t\t\t<p>Many of the images shown here are available for purchase. Shipping is also possible upon request. Please write to me or call me!<\/p><p style=\"text-align: center;\">\u200bingrid.hauff@gmx.de<\/p><p style=\"text-align: center;\">0177 343 6003<\/p><p>You can also find a selection of my landscape paintings at the Harbor Gallery.<\/p><p>Am Hafen 1,25832 T\u00f6nning<\/p>\t\t\t\t\t\t<\/div>\n\t\t\t\t<\/div>\n\t\t<div data-particle_enable=\"false\" data-particle-mobile-disabled=\"false\" class=\"elementor-element elementor-element-53d34c78 e-con-full e-flex e-con e-child\" data-id=\"53d34c78\" data-element_type=\"container\">\n\t\t\t\t<div class=\"elementor-element elementor-element-32bbadda elementor-widget elementor-widget-image\" data-id=\"32bbadda\" data-element_type=\"widget\" data-widget_type=\"image.default\">\n\t\t\t\t<div class=\"elementor-widget-container\">\n\t\t\t<style>\/*! elementor - v3.21.0 - 08-05-2024 *\/\n.elementor-widget-image{text-align:center}.elementor-widget-image a{display:inline-block}.elementor-widget-image a img[src$=\".svg\"]{width:48px}.elementor-widget-image img{vertical-align:middle;display:inline-block}<\/style>\t\t\t\t\t\t\t\t\t\t<img fetchpriority=\"high\" decoding=\"async\" width=\"267\" height=\"356\" src=\"https:\/\/ingridhauff.de\/wp-content\/uploads\/2024\/05\/c5cf151f-1025-41f6-83e5-2081deca5799.webp\" class=\"attachment-large size-large wp-image-318\" alt=\"\" srcset=\"https:\/\/ingridhauff.de\/wp-content\/uploads\/2024\/05\/c5cf151f-1025-41f6-83e5-2081deca5799.webp 267w, https:\/\/ingridhauff.de\/wp-content\/uploads\/2024\/05\/c5cf151f-1025-41f6-83e5-2081deca5799-225x300.webp 225w\" sizes=\"(max-width: 267px) 100vw, 267px\" title=\"c5cf151f-1025-41f6-83e5-2081deca5799\" \/>\t\t\t\t\t\t\t\t\t\t\t\t\t<\/div>\n\t\t\t\t<\/div>\n\t\t\t\t<\/div>\n\t\t\t\t\t<\/div>\n\t\t\t\t<\/div>\n\t\t<div data-particle_enable=\"false\" data-particle-mobile-disabled=\"false\" class=\"elementor-element elementor-element-bf262bf e-flex e-con-boxed e-con e-parent\" data-id=\"bf262bf\" data-element_type=\"container\">\n\t\t\t\t\t<div class=\"e-con-inner\">\n\t\t\t\t\t<\/div>\n\t\t\t\t<\/div>\n\t\t\t\t<\/div>","protected":false},"excerpt":{"rendered":"<p>Kontakt Viele der hier gezeigten Bilder k\u00f6nnen k\u00e4uflich erworben werden. Auf Wunsch ist auch ein Versand m\u00f6glich. Schreiben Sie mir [&hellip;]<\/p>","protected":false},"author":2,"featured_media":0,"parent":0,"menu_order":0,"comment_status":"closed","ping_status":"closed","template":"","meta":{"_uag_custom_page_level_css":"","site-sidebar-layout":"no-sidebar","site-content-layout":"","ast-site-content-layout":"full-width-container","site-content-style":"default","site-sidebar-style":"default","ast-global-header-display":"","ast-banner-title-visibility":"","ast-main-header-display":"","ast-hfb-above-header-display":"","ast-hfb-below-header-display":"","ast-hfb-mobile-header-display":"","site-post-title":"disabled","ast-breadcrumbs-content":"","ast-featured-img":"disabled","footer-sml-layout":"","theme-transparent-header-meta":"default","adv-header-id-meta":"","stick-header-meta":"default","header-above-stick-meta":"","header-main-stick-meta":"","header-below-stick-meta":"","astra-migrate-meta-layouts":"set","ast-page-background-enabled":"default","ast-page-background-meta":{"desktop":{"background-color":"var(--ast-global-color-4)","background-image":"","background-repeat":"repeat","background-position":"center center","background-size":"auto","background-attachment":"scroll","background-type":"","background-media":"","overlay-type":"","overlay-color":"","overlay-opacity":"","overlay-gradient":""},"tablet":{"background-color":"","background-image":"","background-repeat":"repeat","background-position":"center center","background-size":"auto","background-attachment":"scroll","background-type":"","background-media":"","overlay-type":"","overlay-color":"","overlay-opacity":"","overlay-gradient":""},"mobile":{"background-color":"","background-image":"","background-repeat":"repeat","background-position":"center center","background-size":"auto","background-attachment":"scroll","background-type":"","background-media":"","overlay-type":"","overlay-color":"","overlay-opacity":"","overlay-gradient":""}},"ast-content-background-meta":{"desktop":{"background-color":"var(--ast-global-color-5)","background-image":"","background-repeat":"repeat","background-position":"center center","background-size":"auto","background-attachment":"scroll","background-type":"","background-media":"","overlay-type":"","overlay-color":"","overlay-opacity":"","overlay-gradient":""},"tablet":{"background-color":"var(--ast-global-color-5)","background-image":"","background-repeat":"repeat","background-position":"center center","background-size":"auto","background-attachment":"scroll","background-type":"","background-media":"","overlay-type":"","overlay-color":"","overlay-opacity":"","overlay-gradient":""},"mobile":{"background-color":"var(--ast-global-color-5)","background-image":"","background-repeat":"repeat","background-position":"center center","background-size":"auto","background-attachment":"scroll","background-type":"","background-media":"","overlay-type":"","overlay-color":"","overlay-opacity":"","overlay-gradient":""}},"footnotes":""},"class_list":["post-1358","page","type-page","status-publish","hentry"],"yoast_head":"<!-- This site is optimized with the Yoast SEO Premium plugin v22.4 (Yoast SEO v24.7) - https:\/\/yoast.com\/wordpress\/plugins\/seo\/ -->\n<title>Kontakt - Ingrid Hauff<\/title>\n<meta name=\"robots\" content=\"index, follow, max-snippet:-1, max-image-preview:large, max-video-preview:-1\" \/>\n<link rel=\"canonical\" href=\"https:\/\/ingridhauff.de\/en\/kontakt\/\" \/>\n<meta property=\"og:locale\" content=\"en_US\" \/>\n<meta property=\"og:type\" content=\"article\" \/>\n<meta property=\"og:title\" content=\"Kontakt\" \/>\n<meta property=\"og:description\" content=\"Kontakt Viele der hier gezeigten Bilder k\u00f6nnen k\u00e4uflich erworben werden. Auf Wunsch ist auch ein Versand m\u00f6glich. Schreiben Sie mir [&hellip;]\" \/>\n<meta property=\"og:url\" content=\"https:\/\/ingridhauff.de\/en\/kontakt\/\" \/>\n<meta property=\"og:site_name\" content=\"Ingrid Hauff\" \/>\n<meta property=\"article:publisher\" content=\"https:\/\/www.facebook.com\/ingridsmalerei\/\" \/>\n<meta property=\"article:modified_time\" content=\"2024-07-31T18:59:47+00:00\" \/>\n<meta property=\"og:image\" content=\"https:\/\/ingridhauff.de\/wp-content\/uploads\/2024\/05\/c5cf151f-1025-41f6-83e5-2081deca5799.webp\" \/>\n<meta name=\"twitter:card\" content=\"summary_large_image\" \/>\n<script type=\"application\/ld+json\" class=\"yoast-schema-graph\">{\"@context\":\"https:\/\/schema.org\",\"@graph\":[{\"@type\":\"WebPage\",\"@id\":\"https:\/\/ingridhauff.de\/kontakt\/\",\"url\":\"https:\/\/ingridhauff.de\/kontakt\/\",\"name\":\"Kontakt - Ingrid Hauff\",\"isPartOf\":{\"@id\":\"https:\/\/ingridhauff.de\/#website\"},\"primaryImageOfPage\":{\"@id\":\"https:\/\/ingridhauff.de\/kontakt\/#primaryimage\"},\"image\":{\"@id\":\"https:\/\/ingridhauff.de\/kontakt\/#primaryimage\"},\"thumbnailUrl\":\"https:\/\/ingridhauff.de\/wp-content\/uploads\/2024\/05\/c5cf151f-1025-41f6-83e5-2081deca5799.webp\",\"datePublished\":\"2024-07-31T18:59:18+00:00\",\"dateModified\":\"2024-07-31T18:59:47+00:00\",\"breadcrumb\":{\"@id\":\"https:\/\/ingridhauff.de\/kontakt\/#breadcrumb\"},\"inLanguage\":\"en-US\",\"potentialAction\":[{\"@type\":\"ReadAction\",\"target\":[\"https:\/\/ingridhauff.de\/kontakt\/\"]}]},{\"@type\":\"ImageObject\",\"inLanguage\":\"en-US\",\"@id\":\"https:\/\/ingridhauff.de\/kontakt\/#primaryimage\",\"url\":\"https:\/\/ingridhauff.de\/wp-content\/uploads\/2024\/05\/c5cf151f-1025-41f6-83e5-2081deca5799.webp\",\"contentUrl\":\"https:\/\/ingridhauff.de\/wp-content\/uploads\/2024\/05\/c5cf151f-1025-41f6-83e5-2081deca5799.webp\"},{\"@type\":\"BreadcrumbList\",\"@id\":\"https:\/\/ingridhauff.de\/kontakt\/#breadcrumb\",\"itemListElement\":[{\"@type\":\"ListItem\",\"position\":1,\"name\":\"Startseite\",\"item\":\"https:\/\/ingridhauff.de\/\"},{\"@type\":\"ListItem\",\"position\":2,\"name\":\"Kontakt\"}]},{\"@type\":\"WebSite\",\"@id\":\"https:\/\/ingridhauff.de\/#website\",\"url\":\"https:\/\/ingridhauff.de\/\",\"name\":\"Ingrid Hauff\",\"description\":\"Kunst Malerei\",\"publisher\":{\"@id\":\"https:\/\/ingridhauff.de\/#\/schema\/person\/56cd1422d6ea138b74a6791fce14e57b\"},\"potentialAction\":[{\"@type\":\"SearchAction\",\"target\":{\"@type\":\"EntryPoint\",\"urlTemplate\":\"https:\/\/ingridhauff.de\/?s={search_term_string}\"},\"query-input\":{\"@type\":\"PropertyValueSpecification\",\"valueRequired\":true,\"valueName\":\"search_term_string\"}}],\"inLanguage\":\"en-US\"},{\"@type\":[\"Person\",\"Organization\"],\"@id\":\"https:\/\/ingridhauff.de\/#\/schema\/person\/56cd1422d6ea138b74a6791fce14e57b\",\"name\":\"inhauff\",\"image\":{\"@type\":\"ImageObject\",\"inLanguage\":\"en-US\",\"@id\":\"https:\/\/ingridhauff.de\/#\/schema\/person\/image\/\",\"url\":\"https:\/\/secure.gravatar.com\/avatar\/65fa0868aeabc61aae5f8709f44e4f96?s=96&d=mm&r=g\",\"contentUrl\":\"https:\/\/secure.gravatar.com\/avatar\/65fa0868aeabc61aae5f8709f44e4f96?s=96&d=mm&r=g\",\"caption\":\"inhauff\"},\"logo\":{\"@id\":\"https:\/\/ingridhauff.de\/#\/schema\/person\/image\/\"},\"sameAs\":[\"https:\/\/ingridhauff.de\",\"https:\/\/www.facebook.com\/ingridsmalerei\/\",\"https:\/\/www.instagram.com\/ingridhauffmalerei\/\"]}]}<\/script>\n<!-- \/ Yoast SEO Premium plugin. -->","yoast_head_json":{"title":"Kontakt - Ingrid Hauff","robots":{"index":"index","follow":"follow","max-snippet":"max-snippet:-1","max-image-preview":"max-image-preview:large","max-video-preview":"max-video-preview:-1"},"canonical":"https:\/\/ingridhauff.de\/en\/kontakt\/","og_locale":"en_US","og_type":"article","og_title":"Kontakt","og_description":"Kontakt Viele der hier gezeigten Bilder k\u00f6nnen k\u00e4uflich erworben werden. Auf Wunsch ist auch ein Versand m\u00f6glich. Schreiben Sie mir [&hellip;]","og_url":"https:\/\/ingridhauff.de\/en\/kontakt\/","og_site_name":"Ingrid Hauff","article_publisher":"https:\/\/www.facebook.com\/ingridsmalerei\/","article_modified_time":"2024-07-31T18:59:47+00:00","og_image":[{"url":"https:\/\/ingridhauff.de\/wp-content\/uploads\/2024\/05\/c5cf151f-1025-41f6-83e5-2081deca5799.webp","type":"","width":"","height":""}],"twitter_card":"summary_large_image","schema":{"@context":"https:\/\/schema.org","@graph":[{"@type":"WebPage","@id":"https:\/\/ingridhauff.de\/kontakt\/","url":"https:\/\/ingridhauff.de\/kontakt\/","name":"Kontakt - Ingrid Hauff","isPartOf":{"@id":"https:\/\/ingridhauff.de\/#website"},"primaryImageOfPage":{"@id":"https:\/\/ingridhauff.de\/kontakt\/#primaryimage"},"image":{"@id":"https:\/\/ingridhauff.de\/kontakt\/#primaryimage"},"thumbnailUrl":"https:\/\/ingridhauff.de\/wp-content\/uploads\/2024\/05\/c5cf151f-1025-41f6-83e5-2081deca5799.webp","datePublished":"2024-07-31T18:59:18+00:00","dateModified":"2024-07-31T18:59:47+00:00","breadcrumb":{"@id":"https:\/\/ingridhauff.de\/kontakt\/#breadcrumb"},"inLanguage":"en-US","potentialAction":[{"@type":"ReadAction","target":["https:\/\/ingridhauff.de\/kontakt\/"]}]},{"@type":"ImageObject","inLanguage":"en-US","@id":"https:\/\/ingridhauff.de\/kontakt\/#primaryimage","url":"https:\/\/ingridhauff.de\/wp-content\/uploads\/2024\/05\/c5cf151f-1025-41f6-83e5-2081deca5799.webp","contentUrl":"https:\/\/ingridhauff.de\/wp-content\/uploads\/2024\/05\/c5cf151f-1025-41f6-83e5-2081deca5799.webp"},{"@type":"BreadcrumbList","@id":"https:\/\/ingridhauff.de\/kontakt\/#breadcrumb","itemListElement":[{"@type":"ListItem","position":1,"name":"Startseite","item":"https:\/\/ingridhauff.de\/"},{"@type":"ListItem","position":2,"name":"Kontakt"}]},{"@type":"WebSite","@id":"https:\/\/ingridhauff.de\/#website","url":"https:\/\/ingridhauff.de\/","name":"Ingrid Hauff","description":"Kunst Malerei","publisher":{"@id":"https:\/\/ingridhauff.de\/#\/schema\/person\/56cd1422d6ea138b74a6791fce14e57b"},"potentialAction":[{"@type":"SearchAction","target":{"@type":"EntryPoint","urlTemplate":"https:\/\/ingridhauff.de\/?s={search_term_string}"},"query-input":{"@type":"PropertyValueSpecification","valueRequired":true,"valueName":"search_term_string"}}],"inLanguage":"en-US"},{"@type":["Person","Organization"],"@id":"https:\/\/ingridhauff.de\/#\/schema\/person\/56cd1422d6ea138b74a6791fce14e57b","name":"inhauff","image":{"@type":"ImageObject","inLanguage":"en-US","@id":"https:\/\/ingridhauff.de\/#\/schema\/person\/image\/","url":"https:\/\/secure.gravatar.com\/avatar\/65fa0868aeabc61aae5f8709f44e4f96?s=96&d=mm&r=g","contentUrl":"https:\/\/secure.gravatar.com\/avatar\/65fa0868aeabc61aae5f8709f44e4f96?s=96&d=mm&r=g","caption":"inhauff"},"logo":{"@id":"https:\/\/ingridhauff.de\/#\/schema\/person\/image\/"},"sameAs":["https:\/\/ingridhauff.de","https:\/\/www.facebook.com\/ingridsmalerei\/","https:\/\/www.instagram.com\/ingridhauffmalerei\/"]}]}},"uagb_featured_image_src":{"full":false,"thumbnail":false,"medium":false,"medium_large":false,"large":false,"1536x1536":false,"2048x2048":false,"trp-custom-language-flag":false},"uagb_author_info":{"display_name":"Lutz Buchholz","author_link":"https:\/\/ingridhauff.de\/en\/author\/lutz\/"},"uagb_comment_info":0,"uagb_excerpt":"Kontakt Viele der hier gezeigten Bilder k\u00f6nnen k\u00e4uflich erworben werden. Auf Wunsch ist auch ein Versand m\u00f6glich. Schreiben Sie mir [&hellip;]","_links":{"self":[{"href":"https:\/\/ingridhauff.de\/en\/wp-json\/wp\/v2\/pages\/1358","targetHints":{"allow":["GET"]}}],"collection":[{"href":"https:\/\/ingridhauff.de\/en\/wp-json\/wp\/v2\/pages"}],"about":[{"href":"https:\/\/ingridhauff.de\/en\/wp-json\/wp\/v2\/types\/page"}],"author":[{"embeddable":true,"href":"https:\/\/ingridhauff.de\/en\/wp-json\/wp\/v2\/users\/2"}],"replies":[{"embeddable":true,"href":"https:\/\/ingridhauff.de\/en\/wp-json\/wp\/v2\/comments?post=1358"}],"version-history":[{"count":4,"href":"https:\/\/ingridhauff.de\/en\/wp-json\/wp\/v2\/pages\/1358\/revisions"}],"predecessor-version":[{"id":1362,"href":"https:\/\/ingridhauff.de\/en\/wp-json\/wp\/v2\/pages\/1358\/revisions\/1362"}],"wp:attachment":[{"href":"https:\/\/ingridhauff.de\/en\/wp-json\/wp\/v2\/media?parent=1358"}],"curies":[{"name":"wp","href":"https:\/\/api.w.org\/{rel}","templated":true}]}}