{"id":1739,"date":"2024-08-03T09:53:41","date_gmt":"2024-08-03T07:53:41","guid":{"rendered":"https:\/\/ingridhauff.de\/?page_id=1739"},"modified":"2024-08-03T10:03:31","modified_gmt":"2024-08-03T08:03:31","slug":"uber-mich","status":"publish","type":"page","link":"https:\/\/ingridhauff.de\/en\/uber-mich\/","title":{"rendered":"About me"},"content":{"rendered":"<div data-elementor-type=\"wp-page\" data-elementor-id=\"1739\" class=\"elementor elementor-1739\" data-elementor-post-type=\"page\">\n\t\t\t\t<div data-particle_enable=\"false\" data-particle-mobile-disabled=\"false\" class=\"elementor-element elementor-element-7ea2c671 e-con-full e-flex e-con e-parent\" data-id=\"7ea2c671\" data-element_type=\"container\" id=\"kontakt\" data-settings=\"{&quot;background_background&quot;:&quot;classic&quot;}\">\n\t\t\t\t<div class=\"elementor-element elementor-element-64f7c9c5 elementor-widget elementor-widget-heading\" data-id=\"64f7c9c5\" data-element_type=\"widget\" data-widget_type=\"heading.default\">\n\t\t\t\t<div class=\"elementor-widget-container\">\n\t\t\t<style>\/*! elementor - v3.21.0 - 08-05-2024 *\/\n.elementor-heading-title{padding:0;margin:0;line-height:1}.elementor-widget-heading .elementor-heading-title[class*=elementor-size-]>a{color:inherit;font-size:inherit;line-height:inherit}.elementor-widget-heading .elementor-heading-title.elementor-size-small{font-size:15px}.elementor-widget-heading .elementor-heading-title.elementor-size-medium{font-size:19px}.elementor-widget-heading .elementor-heading-title.elementor-size-large{font-size:29px}.elementor-widget-heading .elementor-heading-title.elementor-size-xl{font-size:39px}.elementor-widget-heading .elementor-heading-title.elementor-size-xxl{font-size:59px}<\/style><h2 class=\"elementor-heading-title elementor-size-default\">About me\n\n\n<\/h2>\t\t<\/div>\n\t\t\t\t<\/div>\n\t\t\t\t<\/div>\n\t\t<div data-particle_enable=\"false\" data-particle-mobile-disabled=\"false\" class=\"elementor-element elementor-element-b5ff959 e-flex e-con-boxed e-con e-parent\" data-id=\"b5ff959\" data-element_type=\"container\" data-settings=\"{&quot;background_background&quot;:&quot;classic&quot;}\">\n\t\t\t\t\t<div class=\"e-con-inner\">\n\t\t\t\t<div class=\"elementor-element elementor-element-287a6da elementor-widget elementor-widget-spacer\" data-id=\"287a6da\" data-element_type=\"widget\" data-widget_type=\"spacer.default\">\n\t\t\t\t<div class=\"elementor-widget-container\">\n\t\t\t<style>\/*! elementor - v3.21.0 - 08-05-2024 *\/\n.elementor-column .elementor-spacer-inner{height:var(--spacer-size)}.e-con{--container-widget-width:100%}.e-con-inner>.elementor-widget-spacer,.e-con>.elementor-widget-spacer{width:var(--container-widget-width,var(--spacer-size));--align-self:var(--container-widget-align-self,initial);--flex-shrink:0}.e-con-inner>.elementor-widget-spacer>.elementor-widget-container,.e-con>.elementor-widget-spacer>.elementor-widget-container{height:100%;width:100%}.e-con-inner>.elementor-widget-spacer>.elementor-widget-container>.elementor-spacer,.e-con>.elementor-widget-spacer>.elementor-widget-container>.elementor-spacer{height:100%}.e-con-inner>.elementor-widget-spacer>.elementor-widget-container>.elementor-spacer>.elementor-spacer-inner,.e-con>.elementor-widget-spacer>.elementor-widget-container>.elementor-spacer>.elementor-spacer-inner{height:var(--container-widget-height,var(--spacer-size))}.e-con-inner>.elementor-widget-spacer.elementor-widget-empty,.e-con>.elementor-widget-spacer.elementor-widget-empty{position:relative;min-height:22px;min-width:22px}.e-con-inner>.elementor-widget-spacer.elementor-widget-empty .elementor-widget-empty-icon,.e-con>.elementor-widget-spacer.elementor-widget-empty .elementor-widget-empty-icon{position:absolute;top:0;bottom:0;left:0;right:0;margin:auto;padding:0;width:22px;height:22px}<\/style>\t\t<div class=\"elementor-spacer\">\n\t\t\t<div class=\"elementor-spacer-inner\"><\/div>\n\t\t<\/div>\n\t\t\t\t<\/div>\n\t\t\t\t<\/div>\n\t\t\t\t\t<\/div>\n\t\t\t\t<\/div>\n\t\t<div data-particle_enable=\"false\" data-particle-mobile-disabled=\"false\" class=\"elementor-element elementor-element-8c5a114 e-flex e-con-boxed e-con e-parent\" data-id=\"8c5a114\" data-element_type=\"container\" data-settings=\"{&quot;background_background&quot;:&quot;classic&quot;}\">\n\t\t\t\t\t<div class=\"e-con-inner\">\n\t\t\t\t<div class=\"elementor-element elementor-element-4b1c3b3c elementor-widget__width-initial elementor-widget-mobile__width-initial elementor-widget elementor-widget-text-editor\" data-id=\"4b1c3b3c\" data-element_type=\"widget\" data-widget_type=\"text-editor.default\">\n\t\t\t\t<div class=\"elementor-widget-container\">\n\t\t\t<style>\/*! elementor - v3.21.0 - 08-05-2024 *\/\n.elementor-widget-text-editor.elementor-drop-cap-view-stacked .elementor-drop-cap{background-color:#69727d;color:#fff}.elementor-widget-text-editor.elementor-drop-cap-view-framed .elementor-drop-cap{color:#69727d;border:3px solid;background-color:transparent}.elementor-widget-text-editor:not(.elementor-drop-cap-view-default) .elementor-drop-cap{margin-top:8px}.elementor-widget-text-editor:not(.elementor-drop-cap-view-default) .elementor-drop-cap-letter{width:1em;height:1em}.elementor-widget-text-editor .elementor-drop-cap{float:left;text-align:center;line-height:1;font-size:50px}.elementor-widget-text-editor .elementor-drop-cap-letter{display:inline-block}<\/style>\t\t\t\t<p>For a long time in my life, I viewed art only peripherally and from the outside. At the age of 60, I discovered the art within me. It is a great gift for me to uncover and develop this unexpected creativity. Often, I get lost in what I'm doing. Sometimes, viewers also immerse themselves in my imaginary worlds, which gives me particular joy. It becomes pure joy for me, and from it, I draw new energy and new creative power.<\/p><p>A therapist once told me: The soul needs the opportunity to express itself, otherwise it falls silent! \nI believe he is right! And sometimes, it takes an event to put us on the right path. Out of the old rut. So that we can experience a change of perspective.<\/p>\t\t\t\t\t\t<\/div>\n\t\t\t\t<\/div>\n\t\t<div data-particle_enable=\"false\" data-particle-mobile-disabled=\"false\" class=\"elementor-element elementor-element-633867bb e-con-full e-flex e-con e-child\" data-id=\"633867bb\" data-element_type=\"container\">\n\t\t\t\t<div class=\"elementor-element elementor-element-73aaaa32 elementor-widget elementor-widget-image\" data-id=\"73aaaa32\" data-element_type=\"widget\" data-widget_type=\"image.default\">\n\t\t\t\t<div class=\"elementor-widget-container\">\n\t\t\t<style>\/*! elementor - v3.21.0 - 08-05-2024 *\/\n.elementor-widget-image{text-align:center}.elementor-widget-image a{display:inline-block}.elementor-widget-image a img[src$=\".svg\"]{width:48px}.elementor-widget-image img{vertical-align:middle;display:inline-block}<\/style>\t\t\t\t\t\t\t\t\t\t<img fetchpriority=\"high\" decoding=\"async\" width=\"534\" height=\"624\" src=\"https:\/\/ingridhauff.de\/wp-content\/uploads\/2024\/08\/20727625_1945214272415285_344657828_o_edited.webp\" class=\"attachment-large size-large wp-image-1748\" alt=\"\" srcset=\"https:\/\/ingridhauff.de\/wp-content\/uploads\/2024\/08\/20727625_1945214272415285_344657828_o_edited.webp 534w, https:\/\/ingridhauff.de\/wp-content\/uploads\/2024\/08\/20727625_1945214272415285_344657828_o_edited-257x300.webp 257w, https:\/\/ingridhauff.de\/wp-content\/uploads\/2024\/08\/20727625_1945214272415285_344657828_o_edited-10x12.webp 10w\" sizes=\"(max-width: 534px) 100vw, 534px\" title=\"20727625_1945214272415285_344657828_o_edited.webp\" \/>\t\t\t\t\t\t\t\t\t\t\t\t\t<\/div>\n\t\t\t\t<\/div>\n\t\t\t\t<\/div>\n\t\t\t\t\t<\/div>\n\t\t\t\t<\/div>\n\t\t<div data-particle_enable=\"false\" data-particle-mobile-disabled=\"false\" class=\"elementor-element elementor-element-1542088 e-flex e-con-boxed e-con e-parent\" data-id=\"1542088\" data-element_type=\"container\" data-settings=\"{&quot;background_background&quot;:&quot;classic&quot;}\">\n\t\t\t\t\t<div class=\"e-con-inner\">\n\t\t\t\t\t<\/div>\n\t\t\t\t<\/div>\n\t\t\t\t<\/div>","protected":false},"excerpt":{"rendered":"<p>\u00dcber mich Lange Zeit meines Lebens habe ich Kunst nur am Rande und von au\u00dfen betrachtet. Mit 60 Jahren fand [&hellip;]<\/p>","protected":false},"author":2,"featured_media":0,"parent":0,"menu_order":0,"comment_status":"closed","ping_status":"closed","template":"","meta":{"_uag_custom_page_level_css":"","site-sidebar-layout":"no-sidebar","site-content-layout":"","ast-site-content-layout":"full-width-container","site-content-style":"default","site-sidebar-style":"default","ast-global-header-display":"","ast-banner-title-visibility":"","ast-main-header-display":"","ast-hfb-above-header-display":"","ast-hfb-below-header-display":"","ast-hfb-mobile-header-display":"","site-post-title":"disabled","ast-breadcrumbs-content":"","ast-featured-img":"disabled","footer-sml-layout":"","theme-transparent-header-meta":"default","adv-header-id-meta":"","stick-header-meta":"default","header-above-stick-meta":"","header-main-stick-meta":"","header-below-stick-meta":"","astra-migrate-meta-layouts":"set","ast-page-background-enabled":"default","ast-page-background-meta":{"desktop":{"background-color":"var(--ast-global-color-4)","background-image":"","background-repeat":"repeat","background-position":"center center","background-size":"auto","background-attachment":"scroll","background-type":"","background-media":"","overlay-type":"","overlay-color":"","overlay-opacity":"","overlay-gradient":""},"tablet":{"background-color":"","background-image":"","background-repeat":"repeat","background-position":"center center","background-size":"auto","background-attachment":"scroll","background-type":"","background-media":"","overlay-type":"","overlay-color":"","overlay-opacity":"","overlay-gradient":""},"mobile":{"background-color":"","background-image":"","background-repeat":"repeat","background-position":"center center","background-size":"auto","background-attachment":"scroll","background-type":"","background-media":"","overlay-type":"","overlay-color":"","overlay-opacity":"","overlay-gradient":""}},"ast-content-background-meta":{"desktop":{"background-color":"var(--ast-global-color-5)","background-image":"","background-repeat":"repeat","background-position":"center center","background-size":"auto","background-attachment":"scroll","background-type":"","background-media":"","overlay-type":"","overlay-color":"","overlay-opacity":"","overlay-gradient":""},"tablet":{"background-color":"var(--ast-global-color-5)","background-image":"","background-repeat":"repeat","background-position":"center center","background-size":"auto","background-attachment":"scroll","background-type":"","background-media":"","overlay-type":"","overlay-color":"","overlay-opacity":"","overlay-gradient":""},"mobile":{"background-color":"var(--ast-global-color-5)","background-image":"","background-repeat":"repeat","background-position":"center center","background-size":"auto","background-attachment":"scroll","background-type":"","background-media":"","overlay-type":"","overlay-color":"","overlay-opacity":"","overlay-gradient":""}},"footnotes":""},"class_list":["post-1739","page","type-page","status-publish","hentry"],"yoast_head":"<!-- This site is optimized with the Yoast SEO Premium plugin v22.4 (Yoast SEO v24.7) - https:\/\/yoast.com\/wordpress\/plugins\/seo\/ -->\n<title>\u00dcber mich - Ingrid Hauff<\/title>\n<meta name=\"robots\" content=\"index, follow, max-snippet:-1, max-image-preview:large, max-video-preview:-1\" \/>\n<link rel=\"canonical\" href=\"https:\/\/ingridhauff.de\/en\/uber-mich\/\" \/>\n<meta property=\"og:locale\" content=\"en_US\" \/>\n<meta property=\"og:type\" content=\"article\" \/>\n<meta property=\"og:title\" content=\"\u00dcber mich\" \/>\n<meta property=\"og:description\" content=\"\u00dcber mich Lange Zeit meines Lebens habe ich Kunst nur am Rande und von au\u00dfen betrachtet. Mit 60 Jahren fand [&hellip;]\" \/>\n<meta property=\"og:url\" content=\"https:\/\/ingridhauff.de\/en\/uber-mich\/\" \/>\n<meta property=\"og:site_name\" content=\"Ingrid Hauff\" \/>\n<meta property=\"article:publisher\" content=\"https:\/\/www.facebook.com\/ingridsmalerei\/\" \/>\n<meta property=\"article:modified_time\" content=\"2024-08-03T08:03:31+00:00\" \/>\n<meta property=\"og:image\" content=\"https:\/\/ingridhauff.de\/wp-content\/uploads\/2024\/08\/20727625_1945214272415285_344657828_o_edited.webp\" \/>\n<meta name=\"twitter:card\" content=\"summary_large_image\" \/>\n<meta name=\"twitter:label1\" content=\"Est. reading time\" \/>\n\t<meta name=\"twitter:data1\" content=\"1 minute\" \/>\n<script type=\"application\/ld+json\" class=\"yoast-schema-graph\">{\"@context\":\"https:\/\/schema.org\",\"@graph\":[{\"@type\":\"WebPage\",\"@id\":\"https:\/\/ingridhauff.de\/uber-mich\/\",\"url\":\"https:\/\/ingridhauff.de\/uber-mich\/\",\"name\":\"\u00dcber mich - Ingrid Hauff\",\"isPartOf\":{\"@id\":\"https:\/\/ingridhauff.de\/#website\"},\"primaryImageOfPage\":{\"@id\":\"https:\/\/ingridhauff.de\/uber-mich\/#primaryimage\"},\"image\":{\"@id\":\"https:\/\/ingridhauff.de\/uber-mich\/#primaryimage\"},\"thumbnailUrl\":\"https:\/\/ingridhauff.de\/wp-content\/uploads\/2024\/08\/20727625_1945214272415285_344657828_o_edited.webp\",\"datePublished\":\"2024-08-03T07:53:41+00:00\",\"dateModified\":\"2024-08-03T08:03:31+00:00\",\"breadcrumb\":{\"@id\":\"https:\/\/ingridhauff.de\/uber-mich\/#breadcrumb\"},\"inLanguage\":\"en-US\",\"potentialAction\":[{\"@type\":\"ReadAction\",\"target\":[\"https:\/\/ingridhauff.de\/uber-mich\/\"]}]},{\"@type\":\"ImageObject\",\"inLanguage\":\"en-US\",\"@id\":\"https:\/\/ingridhauff.de\/uber-mich\/#primaryimage\",\"url\":\"https:\/\/ingridhauff.de\/wp-content\/uploads\/2024\/08\/20727625_1945214272415285_344657828_o_edited.webp\",\"contentUrl\":\"https:\/\/ingridhauff.de\/wp-content\/uploads\/2024\/08\/20727625_1945214272415285_344657828_o_edited.webp\"},{\"@type\":\"BreadcrumbList\",\"@id\":\"https:\/\/ingridhauff.de\/uber-mich\/#breadcrumb\",\"itemListElement\":[{\"@type\":\"ListItem\",\"position\":1,\"name\":\"Startseite\",\"item\":\"https:\/\/ingridhauff.de\/\"},{\"@type\":\"ListItem\",\"position\":2,\"name\":\"\u00dcber mich\"}]},{\"@type\":\"WebSite\",\"@id\":\"https:\/\/ingridhauff.de\/#website\",\"url\":\"https:\/\/ingridhauff.de\/\",\"name\":\"Ingrid Hauff\",\"description\":\"Kunst Malerei\",\"publisher\":{\"@id\":\"https:\/\/ingridhauff.de\/#\/schema\/person\/56cd1422d6ea138b74a6791fce14e57b\"},\"potentialAction\":[{\"@type\":\"SearchAction\",\"target\":{\"@type\":\"EntryPoint\",\"urlTemplate\":\"https:\/\/ingridhauff.de\/?s={search_term_string}\"},\"query-input\":{\"@type\":\"PropertyValueSpecification\",\"valueRequired\":true,\"valueName\":\"search_term_string\"}}],\"inLanguage\":\"en-US\"},{\"@type\":[\"Person\",\"Organization\"],\"@id\":\"https:\/\/ingridhauff.de\/#\/schema\/person\/56cd1422d6ea138b74a6791fce14e57b\",\"name\":\"inhauff\",\"image\":{\"@type\":\"ImageObject\",\"inLanguage\":\"en-US\",\"@id\":\"https:\/\/ingridhauff.de\/#\/schema\/person\/image\/\",\"url\":\"https:\/\/secure.gravatar.com\/avatar\/65fa0868aeabc61aae5f8709f44e4f96?s=96&d=mm&r=g\",\"contentUrl\":\"https:\/\/secure.gravatar.com\/avatar\/65fa0868aeabc61aae5f8709f44e4f96?s=96&d=mm&r=g\",\"caption\":\"inhauff\"},\"logo\":{\"@id\":\"https:\/\/ingridhauff.de\/#\/schema\/person\/image\/\"},\"sameAs\":[\"https:\/\/ingridhauff.de\",\"https:\/\/www.facebook.com\/ingridsmalerei\/\",\"https:\/\/www.instagram.com\/ingridhauffmalerei\/\"]}]}<\/script>\n<!-- \/ Yoast SEO Premium plugin. -->","yoast_head_json":{"title":"\u00dcber mich - Ingrid Hauff","robots":{"index":"index","follow":"follow","max-snippet":"max-snippet:-1","max-image-preview":"max-image-preview:large","max-video-preview":"max-video-preview:-1"},"canonical":"https:\/\/ingridhauff.de\/en\/uber-mich\/","og_locale":"en_US","og_type":"article","og_title":"\u00dcber mich","og_description":"\u00dcber mich Lange Zeit meines Lebens habe ich Kunst nur am Rande und von au\u00dfen betrachtet. Mit 60 Jahren fand [&hellip;]","og_url":"https:\/\/ingridhauff.de\/en\/uber-mich\/","og_site_name":"Ingrid Hauff","article_publisher":"https:\/\/www.facebook.com\/ingridsmalerei\/","article_modified_time":"2024-08-03T08:03:31+00:00","og_image":[{"url":"https:\/\/ingridhauff.de\/wp-content\/uploads\/2024\/08\/20727625_1945214272415285_344657828_o_edited.webp","type":"","width":"","height":""}],"twitter_card":"summary_large_image","twitter_misc":{"Est. reading time":"1 minute"},"schema":{"@context":"https:\/\/schema.org","@graph":[{"@type":"WebPage","@id":"https:\/\/ingridhauff.de\/uber-mich\/","url":"https:\/\/ingridhauff.de\/uber-mich\/","name":"\u00dcber mich - Ingrid Hauff","isPartOf":{"@id":"https:\/\/ingridhauff.de\/#website"},"primaryImageOfPage":{"@id":"https:\/\/ingridhauff.de\/uber-mich\/#primaryimage"},"image":{"@id":"https:\/\/ingridhauff.de\/uber-mich\/#primaryimage"},"thumbnailUrl":"https:\/\/ingridhauff.de\/wp-content\/uploads\/2024\/08\/20727625_1945214272415285_344657828_o_edited.webp","datePublished":"2024-08-03T07:53:41+00:00","dateModified":"2024-08-03T08:03:31+00:00","breadcrumb":{"@id":"https:\/\/ingridhauff.de\/uber-mich\/#breadcrumb"},"inLanguage":"en-US","potentialAction":[{"@type":"ReadAction","target":["https:\/\/ingridhauff.de\/uber-mich\/"]}]},{"@type":"ImageObject","inLanguage":"en-US","@id":"https:\/\/ingridhauff.de\/uber-mich\/#primaryimage","url":"https:\/\/ingridhauff.de\/wp-content\/uploads\/2024\/08\/20727625_1945214272415285_344657828_o_edited.webp","contentUrl":"https:\/\/ingridhauff.de\/wp-content\/uploads\/2024\/08\/20727625_1945214272415285_344657828_o_edited.webp"},{"@type":"BreadcrumbList","@id":"https:\/\/ingridhauff.de\/uber-mich\/#breadcrumb","itemListElement":[{"@type":"ListItem","position":1,"name":"Startseite","item":"https:\/\/ingridhauff.de\/"},{"@type":"ListItem","position":2,"name":"\u00dcber mich"}]},{"@type":"WebSite","@id":"https:\/\/ingridhauff.de\/#website","url":"https:\/\/ingridhauff.de\/","name":"Ingrid Hauff","description":"Kunst Malerei","publisher":{"@id":"https:\/\/ingridhauff.de\/#\/schema\/person\/56cd1422d6ea138b74a6791fce14e57b"},"potentialAction":[{"@type":"SearchAction","target":{"@type":"EntryPoint","urlTemplate":"https:\/\/ingridhauff.de\/?s={search_term_string}"},"query-input":{"@type":"PropertyValueSpecification","valueRequired":true,"valueName":"search_term_string"}}],"inLanguage":"en-US"},{"@type":["Person","Organization"],"@id":"https:\/\/ingridhauff.de\/#\/schema\/person\/56cd1422d6ea138b74a6791fce14e57b","name":"inhauff","image":{"@type":"ImageObject","inLanguage":"en-US","@id":"https:\/\/ingridhauff.de\/#\/schema\/person\/image\/","url":"https:\/\/secure.gravatar.com\/avatar\/65fa0868aeabc61aae5f8709f44e4f96?s=96&d=mm&r=g","contentUrl":"https:\/\/secure.gravatar.com\/avatar\/65fa0868aeabc61aae5f8709f44e4f96?s=96&d=mm&r=g","caption":"inhauff"},"logo":{"@id":"https:\/\/ingridhauff.de\/#\/schema\/person\/image\/"},"sameAs":["https:\/\/ingridhauff.de","https:\/\/www.facebook.com\/ingridsmalerei\/","https:\/\/www.instagram.com\/ingridhauffmalerei\/"]}]}},"uagb_featured_image_src":{"full":false,"thumbnail":false,"medium":false,"medium_large":false,"large":false,"1536x1536":false,"2048x2048":false,"trp-custom-language-flag":false},"uagb_author_info":{"display_name":"Lutz Buchholz","author_link":"https:\/\/ingridhauff.de\/en\/author\/lutz\/"},"uagb_comment_info":0,"uagb_excerpt":"\u00dcber mich Lange Zeit meines Lebens habe ich Kunst nur am Rande und von au\u00dfen betrachtet. Mit 60 Jahren fand [&hellip;]","_links":{"self":[{"href":"https:\/\/ingridhauff.de\/en\/wp-json\/wp\/v2\/pages\/1739","targetHints":{"allow":["GET"]}}],"collection":[{"href":"https:\/\/ingridhauff.de\/en\/wp-json\/wp\/v2\/pages"}],"about":[{"href":"https:\/\/ingridhauff.de\/en\/wp-json\/wp\/v2\/types\/page"}],"author":[{"embeddable":true,"href":"https:\/\/ingridhauff.de\/en\/wp-json\/wp\/v2\/users\/2"}],"replies":[{"embeddable":true,"href":"https:\/\/ingridhauff.de\/en\/wp-json\/wp\/v2\/comments?post=1739"}],"version-history":[{"count":14,"href":"https:\/\/ingridhauff.de\/en\/wp-json\/wp\/v2\/pages\/1739\/revisions"}],"predecessor-version":[{"id":1770,"href":"https:\/\/ingridhauff.de\/en\/wp-json\/wp\/v2\/pages\/1739\/revisions\/1770"}],"wp:attachment":[{"href":"https:\/\/ingridhauff.de\/en\/wp-json\/wp\/v2\/media?parent=1739"}],"curies":[{"name":"wp","href":"https:\/\/api.w.org\/{rel}","templated":true}]}}